{"id":3379,"date":"2015-03-19T00:35:05","date_gmt":"2015-03-19T00:35:05","guid":{"rendered":"http:\/\/demo-content.kaliumtheme.com\/agency\/?page_id=3379"},"modified":"2020-06-02T13:30:06","modified_gmt":"2020-06-02T13:30:06","slug":"home","status":"publish","type":"page","link":"https:\/\/www.charlottebrinckmann.de\/en\/","title":{"rendered":"Home"},"content":{"rendered":"<p>[vc_row equal_height=&#8221;yes&#8221; css_animation=&#8221;none&#8221;][vc_column css_animation=&#8221;fadeIn&#8221; reveal_effect=&#8221;fadeIn&#8221; reveal_duration=&#8221;1&#8243; reveal_delay=&#8221;0.3&#8243;][lab_portfolio_items portfolio_type=&#8221;type-2&#8243; dynamic_image_height=&#8221;yes&#8221; pagination_type=&#8221;hide&#8221; portfolio_query=&#8221;size:9|order_by:date|post_type:portfolio&#8221;][\/vc_column][\/vc_row][vc_row][vc_column css_animation=&#8221;none&#8221; reveal_effect=&#8221;fadeIn&#8221; reveal_duration=&#8221;0.7&#8243; reveal_delay=&#8221;0.1&#8243;][lab_heading title=&#8221;Meine Auftraggeber&#8221;]Dies sind einige der Kunden f\u00fcr die ich regelm\u00e4\u00dfig t\u00e4tig bin.[\/lab_heading][\/vc_column][\/vc_row][vc_row][vc_column][lab_clients column_spacing=&#8221;yes&#8221; image_borders=&#8221;no&#8221; reveal_effect=&#8221;fadeIn-one&#8221; height=&#8221;180&#8243;][lab_clients_entry image=&#8221;3732&#8243; title=&#8221;Erzbistum Hamburg&#8221; link=&#8221;url:https%3A%2F%2Fwww.erzbistum-hamburg.de||target:%20_blank|&#8221;][lab_clients_entry image=&#8221;3731&#8243; title=&#8221;Elbe Werkst\u00e4tten GmbH&#8221; link=&#8221;url:https%3A%2F%2Fwww.elbe-werkstaetten.de||target:%20_blank|&#8221;][lab_clients_entry image=&#8221;3733&#8243; title=&#8221;Die F\u00e4hre Hamburg&#8221; link=&#8221;url:http%3A%2F%2Fwww.diefaehre-hamburg.de||target:%20_blank|&#8221;][lab_clients_entry image=&#8221;3736&#8243; title=&#8221;Caf\u00e9 Rennkoppel&#8221; link=&#8221;url:https%3A%2F%2Fwww.cafe-rennkoppel.de||target:%20_blank|&#8221;][lab_clients_entry image=&#8221;3734&#8243; title=&#8221;Kompetenzzentrum Bildung und Qualifizierung&#8221; link=&#8221;url:https%3A%2F%2Fwww.alsterarbeit.de%2Fpersonalentwicklung-und-karriere%2Fkbq-berufsbildung%2Fkompetenzzentrum-bildung-und-qualifizierung%2F||target:%20_blank|&#8221;][lab_clients_entry image=&#8221;3738&#8243; title=&#8221;Minotauros Kompanie&#8221; link=&#8221;url:https%3A%2F%2Fwww.minotauros-kompanie.de||target:%20_blank|&#8221;][lab_clients_entry image=&#8221;3729&#8243; title=&#8221;Aktivoli Landesnetzwerk&#8221; link=&#8221;url:https%3A%2F%2Fwww.aktivoli.de||target:%20_blank|&#8221;][lab_clients_entry image=&#8221;3730&#8243; link=&#8221;url:https%3A%2F%2Fwww.diakonie-hamburg.de%2Fde%2F||target:%20_blank|&#8221; title=&#8221;Diakonie Hamburg&#8221;][\/lab_clients][\/vc_column][\/vc_row][vc_row][vc_column][\/vc_column][\/vc_row]<\/p>\n","protected":false},"excerpt":{"rendered":"<p>[vc_row equal_height=&#8221;yes&#8221; css_animation=&#8221;none&#8221;][vc_column css_animation=&#8221;fadeIn&#8221; reveal_effect=&#8221;fadeIn&#8221; reveal_duration=&#8221;1&#8243; reveal_delay=&#8221;0.3&#8243;][lab_portfolio_items portfolio_type=&#8221;type-2&#8243; dynamic_image_height=&#8221;yes&#8221; pagination_type=&#8221;hide&#8221; portfolio_query=&#8221;size:9|order_by:date|post_type:portfolio&#8221;][\/vc_column][\/vc_row][vc_row][vc_column css_animation=&#8221;none&#8221; reveal_effect=&#8221;fadeIn&#8221; reveal_duration=&#8221;0.7&#8243; reveal_delay=&#8221;0.1&#8243;][lab_heading title=&#8221;Meine Auftraggeber&#8221;]Dies sind einige der Kunden f\u00fcr die ich regelm\u00e4\u00dfig t\u00e4tig bin.[\/lab_heading][\/vc_column][\/vc_row][vc_row][vc_column][lab_clients column_spacing=&#8221;yes&#8221; image_borders=&#8221;no&#8221; reveal_effect=&#8221;fadeIn-one&#8221; height=&#8221;180&#8243;][lab_clients_entry image=&#8221;3732&#8243; title=&#8221;Erzbistum Hamburg&#8221; link=&#8221;url:https%3A%2F%2Fwww.erzbistum-hamburg.de||target:%20_blank|&#8221;][lab_clients_entry image=&#8221;3731&#8243; title=&#8221;Elbe Werkst\u00e4tten GmbH&#8221; link=&#8221;url:https%3A%2F%2Fwww.elbe-werkstaetten.de||target:%20_blank|&#8221;][lab_clients_entry image=&#8221;3733&#8243; title=&#8221;Die F\u00e4hre Hamburg&#8221; link=&#8221;url:http%3A%2F%2Fwww.diefaehre-hamburg.de||target:%20_blank|&#8221;][lab_clients_entry image=&#8221;3736&#8243; title=&#8221;Caf\u00e9 Rennkoppel&#8221; link=&#8221;url:https%3A%2F%2Fwww.cafe-rennkoppel.de||target:%20_blank|&#8221;][lab_clients_entry image=&#8221;3734&#8243; title=&#8221;Kompetenzzentrum Bildung und Qualifizierung&#8221; link=&#8221;url:https%3A%2F%2Fwww.alsterarbeit.de%2Fpersonalentwicklung-und-karriere%2Fkbq-berufsbildung%2Fkompetenzzentrum-bildung-und-qualifizierung%2F||target:%20_blank|&#8221;][lab_clients_entry&hellip;<\/p>\n","protected":false},"author":1,"featured_media":0,"parent":0,"menu_order":0,"comment_status":"open","ping_status":"open","template":"","meta":{"_acf_changed":false,"footnotes":""},"class_list":["post-3379","page","type-page","status-publish","hentry"],"translation":{"provider":"WPGlobus","version":"2.12.2","language":"en","enabled_languages":["de","en"],"languages":{"de":{"title":true,"content":true,"excerpt":false},"en":{"title":false,"content":false,"excerpt":false}}},"acf":[],"_links":{"self":[{"href":"https:\/\/www.charlottebrinckmann.de\/en\/wp-json\/wp\/v2\/pages\/3379","targetHints":{"allow":["GET"]}}],"collection":[{"href":"https:\/\/www.charlottebrinckmann.de\/en\/wp-json\/wp\/v2\/pages"}],"about":[{"href":"https:\/\/www.charlottebrinckmann.de\/en\/wp-json\/wp\/v2\/types\/page"}],"author":[{"embeddable":true,"href":"https:\/\/www.charlottebrinckmann.de\/en\/wp-json\/wp\/v2\/users\/1"}],"replies":[{"embeddable":true,"href":"https:\/\/www.charlottebrinckmann.de\/en\/wp-json\/wp\/v2\/comments?post=3379"}],"version-history":[{"count":12,"href":"https:\/\/www.charlottebrinckmann.de\/en\/wp-json\/wp\/v2\/pages\/3379\/revisions"}],"predecessor-version":[{"id":3926,"href":"https:\/\/www.charlottebrinckmann.de\/en\/wp-json\/wp\/v2\/pages\/3379\/revisions\/3926"}],"wp:attachment":[{"href":"https:\/\/www.charlottebrinckmann.de\/en\/wp-json\/wp\/v2\/media?parent=3379"}],"curies":[{"name":"wp","href":"https:\/\/api.w.org\/{rel}","templated":true}]}}