{"id":7,"date":"2012-03-02T16:39:29","date_gmt":"2012-03-02T16:39:29","guid":{"rendered":"http:\/\/charlottebrinckmann.de\/?page_id=7"},"modified":"2020-05-26T07:43:18","modified_gmt":"2020-05-26T07:43:18","slug":"uber-mich","status":"publish","type":"page","link":"https:\/\/www.charlottebrinckmann.de\/en\/uber-mich\/","title":{"rendered":"\u00dcber mich"},"content":{"rendered":"<p>[vc_row][vc_column][vc_column_text]<\/p>\n<h4 style=\"text-align: left;\">IN K\u00dcRZE<\/h4>\n<p style=\"text-align: left;\">1993 \u2013 1998 Studium Illustration und Kommunikationsdesign an der Fachhochschule Hamburg<br \/>\nab 1999 freiberufliche Illustratorin und Grafikerin<br \/>\nab 2000 POPNET Internet AG<br \/>\nab 2002 Proximity Group Germany<br \/>\nab 2006 selbstst\u00e4ndige Grafikdesignerin in Hamburg<\/p>\n<p>[\/vc_column_text][\/vc_column][\/vc_row][vc_row][vc_column][vc_column_text]<\/p>\n<h4>IN L\u00c4NGE<\/h4>\n<p>Von 1993 bis 1999 war ich Studentin an der Fachhochschule Hamburg, Fachbereich Gestaltung, mit der Fachrichtung Illustration und habe mein Studium als Diplom-Designerin abgeschlossen. Mein Schwerpunkt lag dabei auf autobiographisch inspirierten Comics und der Zeitschriften-Illustration.<\/p>\n<p>Von 2000 bis 2005 arbeitete ich als festangestellte Art Directorin, zuerst bei der Popnet Internet AG, dann bei der Proximity Group Germany. Zu meinem Aufgabenbereich geh\u00f6rten die Ideenfindung f\u00fcr Online-Kampagnen, Microsites und Webspecials, der Entwurf von Internetseiten und die kreative Umsetzung im Screendesign, die Kontrolle und Qualit\u00e4tssicherung w\u00e4hrend der Produktion sowie Pr\u00e4sentationsvorbereitung und Kundenkontakt.<\/p>\n<p>Seit 2006 arbeite ich freiberuflich als Grafikdesignerin in Hamburg.<\/p>\n<p>Meine Erfahrungen im Online-Bereich konnte ich durch verschiedenste projektbezogene Mitarbeit in Hamburger Agenturen wie z.B. Scholz &amp; Friends Interactive, Tribal DDB, deepblue networks AG u.a. und auch f\u00fcr eigene Kunden vertiefen.<\/p>\n<p>Zudem habe ich w\u00e4hrend meiner selbstst\u00e4ndigen T\u00e4tigkeit mein Leistungsspektrum um den Bereich des Corporate Designs und die Gestaltung von Printprodukten erweitern k\u00f6nnen.<\/p>\n<p>Bald 20 Jahre Design-Erfahrung pr\u00e4gen sowohl meine Liebe zum Detail als auch den Blick f\u00fcr das gro\u00dfe Ganze. So arbeite ich besonders gerne medien\u00fcbergreifend f\u00fcr Privatkunden, Kleinunternehmer und mittelst\u00e4ndische Kunden. Von der Logoentwicklung \u00fcber das Corporate Design und das Design der Gesch\u00e4ftsausstattung, die Gestaltung von Printprodukten wie Flyern, Brosch\u00fcren, Postern und Messematerialien bis hin zum Design des Internetauftritts biete ich die komplette Designdienstleistung aus einer Hand.<\/p>\n<p>Durch mein Hamburger Netzwerk kann ich f\u00fcr spezielle Anforderungen eines Projektes jederzeit auf kompetente Kollegen aus angrenzenden Bereichen zur\u00fcckgreifen, so z.B. f\u00fcr Projektmanagement, Text, Konzept, Fotografie und Reinzeichnung. F\u00fcr die technische Umsetzung und Programmierung von Internetseiten vertraue ich in der Zusammenarbeit ebenfalls auf mein Experten-Netzwerk, das sich neben den Webprogrammierung-Standards und der Suchmaschinen-Optimierung z.B. auf das Content-Management-System Typo3, auf WordPress oder die E-Commerce-Plattform Magento spezialisiert hat.[\/vc_column_text][\/vc_column][\/vc_row][vc_row][vc_column][vc_column_text]<\/p>\n<h4>MEINE LEISTUNGEN IM \u00dcBERBLICK<\/h4>\n<p>&#8211; Logoentwicklung<br \/>\n&#8211; Corporate Design<br \/>\n&#8211; Gesch\u00e4ftsausstattungen<\/p>\n<p>&#8211; Grafikdesign f\u00fcr Flyer, Brosch\u00fcren, Poster und Plakate<br \/>\n&#8211; Grafikdesign f\u00fcr Messematerialien wie Roll-Ups, Banner und Displays<\/p>\n<p>&#8211; Webdesign f\u00fcr HTML und CSS<br \/>\n&#8211; Webdesign f\u00fcr CMS-basierte Websites, z.B. WordPress oder Typo3<\/p>\n<p>&#8211; Analoge und digitale Illustration[\/vc_column_text][\/vc_column][\/vc_row]<\/p>\n","protected":false},"excerpt":{"rendered":"<p>[vc_row][vc_column][vc_column_text] IN K\u00dcRZE 1993 \u2013 1998 Studium Illustration und Kommunikationsdesign an der Fachhochschule Hamburg ab 1999 freiberufliche Illustratorin und Grafikerin ab 2000 POPNET Internet AG ab 2002 Proximity Group Germany ab 2006 selbstst\u00e4ndige Grafikdesignerin in Hamburg [\/vc_column_text][\/vc_column][\/vc_row][vc_row][vc_column][vc_column_text] IN L\u00c4NGE Von 1993 bis 1999 war ich Studentin an der Fachhochschule Hamburg, Fachbereich Gestaltung, mit der Fachrichtung&hellip;<\/p>\n","protected":false},"author":1,"featured_media":0,"parent":0,"menu_order":0,"comment_status":"open","ping_status":"open","template":"","meta":{"_acf_changed":false,"footnotes":""},"class_list":["post-7","page","type-page","status-publish","hentry"],"translation":{"provider":"WPGlobus","version":"2.12.2","language":"en","enabled_languages":["de","en"],"languages":{"de":{"title":true,"content":true,"excerpt":false},"en":{"title":false,"content":false,"excerpt":false}}},"acf":[],"_links":{"self":[{"href":"https:\/\/www.charlottebrinckmann.de\/en\/wp-json\/wp\/v2\/pages\/7","targetHints":{"allow":["GET"]}}],"collection":[{"href":"https:\/\/www.charlottebrinckmann.de\/en\/wp-json\/wp\/v2\/pages"}],"about":[{"href":"https:\/\/www.charlottebrinckmann.de\/en\/wp-json\/wp\/v2\/types\/page"}],"author":[{"embeddable":true,"href":"https:\/\/www.charlottebrinckmann.de\/en\/wp-json\/wp\/v2\/users\/1"}],"replies":[{"embeddable":true,"href":"https:\/\/www.charlottebrinckmann.de\/en\/wp-json\/wp\/v2\/comments?post=7"}],"version-history":[{"count":11,"href":"https:\/\/www.charlottebrinckmann.de\/en\/wp-json\/wp\/v2\/pages\/7\/revisions"}],"predecessor-version":[{"id":3902,"href":"https:\/\/www.charlottebrinckmann.de\/en\/wp-json\/wp\/v2\/pages\/7\/revisions\/3902"}],"wp:attachment":[{"href":"https:\/\/www.charlottebrinckmann.de\/en\/wp-json\/wp\/v2\/media?parent=7"}],"curies":[{"name":"wp","href":"https:\/\/api.w.org\/{rel}","templated":true}]}}